{"id":1433,"date":"2024-04-29T12:00:57","date_gmt":"2024-04-29T10:00:57","guid":{"rendered":"https:\/\/brana.redizajn.ba\/?page_id=1433"},"modified":"2025-08-26T19:37:43","modified_gmt":"2025-08-26T17:37:43","slug":"smestaj","status":"publish","type":"page","link":"https:\/\/brana.redizajn.ba\/en\/smestaj\/","title":{"rendered":"Accommodation"},"content":{"rendered":"<div data-elementor-type=\"wp-page\" data-elementor-id=\"1433\" class=\"elementor elementor-1433\">\n\t\t\t\t<div class=\"elementor-element elementor-element-35f4084 e-flex e-con-boxed e-con e-parent\" data-id=\"35f4084\" data-element_type=\"container\" data-e-type=\"container\">\n\t\t\t\t\t<div class=\"e-con-inner\">\n\t\t<div class=\"elementor-element elementor-element-619266c e-con-full e-flex e-con e-child\" data-id=\"619266c\" data-element_type=\"container\" data-e-type=\"container\">\n\t\t\t\t<div class=\"elementor-element elementor-element-0538e69 elementor-widget elementor-widget-heading\" data-id=\"0538e69\" data-element_type=\"widget\" data-e-type=\"widget\" data-widget_type=\"heading.default\">\n\t\t\t\t<div class=\"elementor-widget-container\">\n\t\t\t\t\t<h2 class=\"elementor-heading-title elementor-size-default\">Accommodation<\/h2>\t\t\t\t<\/div>\n\t\t\t\t<\/div>\n\t\t\t\t<\/div>\n\t\t\t\t\t<\/div>\n\t\t\t\t<\/div>\n\t\t<div class=\"elementor-element elementor-element-6a457a4 e-flex e-con-boxed e-con e-parent\" data-id=\"6a457a4\" data-element_type=\"container\" data-e-type=\"container\">\n\t\t\t\t\t<div class=\"e-con-inner\">\n\t\t<a class=\"elementor-element elementor-element-181a8aa e-con-full e-flex e-con e-child\" data-id=\"181a8aa\" data-element_type=\"container\" data-e-type=\"container\" data-settings=\"{&quot;background_background&quot;:&quot;classic&quot;}\" href=\"\/en\/karamanka-1\/\">\n\t\t\t\t<div class=\"elementor-element elementor-element-83c5bb3 elementor-widget elementor-widget-image\" data-id=\"83c5bb3\" data-element_type=\"widget\" data-e-type=\"widget\" data-widget_type=\"image.default\">\n\t\t\t\t<div class=\"elementor-widget-container\">\n\t\t\t\t\t\t\t\t\t\t\t\t\t\t\t<img fetchpriority=\"high\" decoding=\"async\" width=\"768\" height=\"484\" src=\"https:\/\/brana.redizajn.ba\/wp-content\/uploads\/2021\/05\/karamanka-1-768x484.png\" class=\"attachment-medium_large size-medium_large wp-image-1064\" alt=\"\" srcset=\"https:\/\/brana.redizajn.ba\/wp-content\/uploads\/2021\/05\/karamanka-1-768x484.png 768w, https:\/\/brana.redizajn.ba\/wp-content\/uploads\/2021\/05\/karamanka-1-300x189.png 300w, https:\/\/brana.redizajn.ba\/wp-content\/uploads\/2021\/05\/karamanka-1-18x12.png 18w, https:\/\/brana.redizajn.ba\/wp-content\/uploads\/2021\/05\/karamanka-1.png 1000w\" sizes=\"(max-width: 768px) 100vw, 768px\" \/>\t\t\t\t\t\t\t\t\t\t\t\t\t\t\t<\/div>\n\t\t\t\t<\/div>\n\t\t<div class=\"elementor-element elementor-element-9a5d71d e-flex e-con-boxed e-con e-child\" data-id=\"9a5d71d\" data-element_type=\"container\" data-e-type=\"container\" data-settings=\"{&quot;background_background&quot;:&quot;classic&quot;}\">\n\t\t\t\t\t<div class=\"e-con-inner\">\n\t\t\t\t<div class=\"elementor-element elementor-element-324c9ea elementor-widget elementor-widget-heading\" data-id=\"324c9ea\" data-element_type=\"widget\" data-e-type=\"widget\" data-widget_type=\"heading.default\">\n\t\t\t\t<div class=\"elementor-widget-container\">\n\t\t\t\t\t<h4 class=\"elementor-heading-title elementor-size-default\">Karamanka 1<\/h4>\t\t\t\t<\/div>\n\t\t\t\t<\/div>\n\t\t\t\t\t<\/div>\n\t\t\t\t<\/div>\n\t\t\t\t<\/a>\n\t\t<a class=\"elementor-element elementor-element-ad31fd7 e-con-full e-flex e-con e-child\" data-id=\"ad31fd7\" data-element_type=\"container\" data-e-type=\"container\" data-settings=\"{&quot;background_background&quot;:&quot;classic&quot;}\" href=\"\/en\/karamanka-2\/\">\n\t\t\t\t<div class=\"elementor-element elementor-element-1010c53 elementor-widget elementor-widget-image\" data-id=\"1010c53\" data-element_type=\"widget\" data-e-type=\"widget\" data-widget_type=\"image.default\">\n\t\t\t\t<div class=\"elementor-widget-container\">\n\t\t\t\t\t\t\t\t\t\t\t\t\t\t\t<img decoding=\"async\" width=\"768\" height=\"484\" src=\"https:\/\/brana.redizajn.ba\/wp-content\/uploads\/2024\/04\/karamanka-2-768x484.png\" class=\"attachment-medium_large size-medium_large wp-image-1470\" alt=\"\" srcset=\"https:\/\/brana.redizajn.ba\/wp-content\/uploads\/2024\/04\/karamanka-2-768x484.png 768w, https:\/\/brana.redizajn.ba\/wp-content\/uploads\/2024\/04\/karamanka-2-300x189.png 300w, https:\/\/brana.redizajn.ba\/wp-content\/uploads\/2024\/04\/karamanka-2-18x12.png 18w, https:\/\/brana.redizajn.ba\/wp-content\/uploads\/2024\/04\/karamanka-2.png 1000w\" sizes=\"(max-width: 768px) 100vw, 768px\" \/>\t\t\t\t\t\t\t\t\t\t\t\t\t\t\t<\/div>\n\t\t\t\t<\/div>\n\t\t<div class=\"elementor-element elementor-element-b7dbd2e e-flex e-con-boxed e-con e-child\" data-id=\"b7dbd2e\" data-element_type=\"container\" data-e-type=\"container\" data-settings=\"{&quot;background_background&quot;:&quot;classic&quot;}\">\n\t\t\t\t\t<div class=\"e-con-inner\">\n\t\t\t\t<div class=\"elementor-element elementor-element-cd2db67 elementor-widget elementor-widget-heading\" data-id=\"cd2db67\" data-element_type=\"widget\" data-e-type=\"widget\" data-widget_type=\"heading.default\">\n\t\t\t\t<div class=\"elementor-widget-container\">\n\t\t\t\t\t<h4 class=\"elementor-heading-title elementor-size-default\">Karamanka 2<\/h4>\t\t\t\t<\/div>\n\t\t\t\t<\/div>\n\t\t\t\t\t<\/div>\n\t\t\t\t<\/div>\n\t\t\t\t<\/a>\n\t\t<a class=\"elementor-element elementor-element-8a1f5a0 e-con-full e-flex e-con e-child\" data-id=\"8a1f5a0\" data-element_type=\"container\" data-e-type=\"container\" data-settings=\"{&quot;background_background&quot;:&quot;classic&quot;}\" href=\"\/en\/lepotica\/\">\n\t\t\t\t<div class=\"elementor-element elementor-element-f282365 elementor-widget elementor-widget-image\" data-id=\"f282365\" data-element_type=\"widget\" data-e-type=\"widget\" data-widget_type=\"image.default\">\n\t\t\t\t<div class=\"elementor-widget-container\">\n\t\t\t\t\t\t\t\t\t\t\t\t\t\t\t<img decoding=\"async\" width=\"768\" height=\"484\" src=\"https:\/\/brana.redizajn.ba\/wp-content\/uploads\/2024\/04\/lepotica-768x484.png\" class=\"attachment-medium_large size-medium_large wp-image-1474\" alt=\"\" srcset=\"https:\/\/brana.redizajn.ba\/wp-content\/uploads\/2024\/04\/lepotica-768x484.png 768w, https:\/\/brana.redizajn.ba\/wp-content\/uploads\/2024\/04\/lepotica-300x189.png 300w, https:\/\/brana.redizajn.ba\/wp-content\/uploads\/2024\/04\/lepotica-18x12.png 18w, https:\/\/brana.redizajn.ba\/wp-content\/uploads\/2024\/04\/lepotica.png 1000w\" sizes=\"(max-width: 768px) 100vw, 768px\" \/>\t\t\t\t\t\t\t\t\t\t\t\t\t\t\t<\/div>\n\t\t\t\t<\/div>\n\t\t<div class=\"elementor-element elementor-element-6b6e37b e-flex e-con-boxed e-con e-child\" data-id=\"6b6e37b\" data-element_type=\"container\" data-e-type=\"container\" data-settings=\"{&quot;background_background&quot;:&quot;classic&quot;}\">\n\t\t\t\t\t<div class=\"e-con-inner\">\n\t\t\t\t<div class=\"elementor-element elementor-element-fbdd5bb elementor-widget elementor-widget-heading\" data-id=\"fbdd5bb\" data-element_type=\"widget\" data-e-type=\"widget\" data-widget_type=\"heading.default\">\n\t\t\t\t<div class=\"elementor-widget-container\">\n\t\t\t\t\t<h4 class=\"elementor-heading-title elementor-size-default\">Lepotica<\/h4>\t\t\t\t<\/div>\n\t\t\t\t<\/div>\n\t\t\t\t\t<\/div>\n\t\t\t\t<\/div>\n\t\t\t\t<\/a>\n\t\t<a class=\"elementor-element elementor-element-be48d5d e-con-full e-flex e-con e-child\" data-id=\"be48d5d\" data-element_type=\"container\" data-e-type=\"container\" data-settings=\"{&quot;background_background&quot;:&quot;classic&quot;}\" href=\"\/en\/takusa\/\">\n\t\t\t\t<div class=\"elementor-element elementor-element-1a9fc08 elementor-widget elementor-widget-image\" data-id=\"1a9fc08\" data-element_type=\"widget\" data-e-type=\"widget\" data-widget_type=\"image.default\">\n\t\t\t\t<div class=\"elementor-widget-container\">\n\t\t\t\t\t\t\t\t\t\t\t\t\t\t\t<img loading=\"lazy\" decoding=\"async\" width=\"768\" height=\"484\" src=\"https:\/\/brana.redizajn.ba\/wp-content\/uploads\/2024\/04\/takusa-768x484.png\" class=\"attachment-medium_large size-medium_large wp-image-1482\" alt=\"\" srcset=\"https:\/\/brana.redizajn.ba\/wp-content\/uploads\/2024\/04\/takusa-768x484.png 768w, https:\/\/brana.redizajn.ba\/wp-content\/uploads\/2024\/04\/takusa-300x189.png 300w, https:\/\/brana.redizajn.ba\/wp-content\/uploads\/2024\/04\/takusa-18x12.png 18w, https:\/\/brana.redizajn.ba\/wp-content\/uploads\/2024\/04\/takusa.png 1000w\" sizes=\"(max-width: 768px) 100vw, 768px\" \/>\t\t\t\t\t\t\t\t\t\t\t\t\t\t\t<\/div>\n\t\t\t\t<\/div>\n\t\t<div class=\"elementor-element elementor-element-81ecaf5 e-flex e-con-boxed e-con e-child\" data-id=\"81ecaf5\" data-element_type=\"container\" data-e-type=\"container\" data-settings=\"{&quot;background_background&quot;:&quot;classic&quot;}\">\n\t\t\t\t\t<div class=\"e-con-inner\">\n\t\t\t\t<div class=\"elementor-element elementor-element-2fe0066 elementor-widget elementor-widget-heading\" data-id=\"2fe0066\" data-element_type=\"widget\" data-e-type=\"widget\" data-widget_type=\"heading.default\">\n\t\t\t\t<div class=\"elementor-widget-container\">\n\t\t\t\t\t<h4 class=\"elementor-heading-title elementor-size-default\">Taku\u0161a<\/h4>\t\t\t\t<\/div>\n\t\t\t\t<\/div>\n\t\t\t\t\t<\/div>\n\t\t\t\t<\/div>\n\t\t\t\t<\/a>\n\t\t<a class=\"elementor-element elementor-element-6aa9955 e-con-full e-flex e-con e-child\" data-id=\"6aa9955\" data-element_type=\"container\" data-e-type=\"container\" data-settings=\"{&quot;background_background&quot;:&quot;classic&quot;}\" href=\"\/en\/viljamovka-1\/\">\n\t\t\t\t<div class=\"elementor-element elementor-element-c6a28bd elementor-widget elementor-widget-image\" data-id=\"c6a28bd\" data-element_type=\"widget\" data-e-type=\"widget\" data-widget_type=\"image.default\">\n\t\t\t\t<div class=\"elementor-widget-container\">\n\t\t\t\t\t\t\t\t\t\t\t\t\t\t\t<img loading=\"lazy\" decoding=\"async\" width=\"768\" height=\"484\" src=\"https:\/\/brana.redizajn.ba\/wp-content\/uploads\/2024\/04\/viljamovka-768x484.png\" class=\"attachment-medium_large size-medium_large wp-image-1486\" alt=\"\" srcset=\"https:\/\/brana.redizajn.ba\/wp-content\/uploads\/2024\/04\/viljamovka-768x484.png 768w, https:\/\/brana.redizajn.ba\/wp-content\/uploads\/2024\/04\/viljamovka-300x189.png 300w, https:\/\/brana.redizajn.ba\/wp-content\/uploads\/2024\/04\/viljamovka-18x12.png 18w, https:\/\/brana.redizajn.ba\/wp-content\/uploads\/2024\/04\/viljamovka.png 1000w\" sizes=\"(max-width: 768px) 100vw, 768px\" \/>\t\t\t\t\t\t\t\t\t\t\t\t\t\t\t<\/div>\n\t\t\t\t<\/div>\n\t\t<div class=\"elementor-element elementor-element-0d8d65e e-flex e-con-boxed e-con e-child\" data-id=\"0d8d65e\" data-element_type=\"container\" data-e-type=\"container\" data-settings=\"{&quot;background_background&quot;:&quot;classic&quot;}\">\n\t\t\t\t\t<div class=\"e-con-inner\">\n\t\t\t\t<div class=\"elementor-element elementor-element-36ec6fe elementor-widget elementor-widget-heading\" data-id=\"36ec6fe\" data-element_type=\"widget\" data-e-type=\"widget\" data-widget_type=\"heading.default\">\n\t\t\t\t<div class=\"elementor-widget-container\">\n\t\t\t\t\t<h4 class=\"elementor-heading-title elementor-size-default\">Viljamovka 1<\/h4>\t\t\t\t<\/div>\n\t\t\t\t<\/div>\n\t\t\t\t\t<\/div>\n\t\t\t\t<\/div>\n\t\t\t\t<\/a>\n\t\t<a class=\"elementor-element elementor-element-25d699a e-con-full e-flex e-con e-child\" data-id=\"25d699a\" data-element_type=\"container\" data-e-type=\"container\" data-settings=\"{&quot;background_background&quot;:&quot;classic&quot;}\" href=\"\/en\/viljamovka-2\/\">\n\t\t\t\t<div class=\"elementor-element elementor-element-ef525f2 elementor-widget elementor-widget-image\" data-id=\"ef525f2\" data-element_type=\"widget\" data-e-type=\"widget\" data-widget_type=\"image.default\">\n\t\t\t\t<div class=\"elementor-widget-container\">\n\t\t\t\t\t\t\t\t\t\t\t\t\t\t\t<img loading=\"lazy\" decoding=\"async\" width=\"768\" height=\"484\" src=\"https:\/\/brana.redizajn.ba\/wp-content\/uploads\/2024\/04\/viljamovka-768x484.png\" class=\"attachment-medium_large size-medium_large wp-image-1486\" alt=\"\" srcset=\"https:\/\/brana.redizajn.ba\/wp-content\/uploads\/2024\/04\/viljamovka-768x484.png 768w, https:\/\/brana.redizajn.ba\/wp-content\/uploads\/2024\/04\/viljamovka-300x189.png 300w, https:\/\/brana.redizajn.ba\/wp-content\/uploads\/2024\/04\/viljamovka-18x12.png 18w, https:\/\/brana.redizajn.ba\/wp-content\/uploads\/2024\/04\/viljamovka.png 1000w\" sizes=\"(max-width: 768px) 100vw, 768px\" \/>\t\t\t\t\t\t\t\t\t\t\t\t\t\t\t<\/div>\n\t\t\t\t<\/div>\n\t\t<div class=\"elementor-element elementor-element-803fb3d e-flex e-con-boxed e-con e-child\" data-id=\"803fb3d\" data-element_type=\"container\" data-e-type=\"container\" data-settings=\"{&quot;background_background&quot;:&quot;classic&quot;}\">\n\t\t\t\t\t<div class=\"e-con-inner\">\n\t\t\t\t<div class=\"elementor-element elementor-element-ae3f4dc elementor-widget elementor-widget-heading\" data-id=\"ae3f4dc\" data-element_type=\"widget\" data-e-type=\"widget\" data-widget_type=\"heading.default\">\n\t\t\t\t<div class=\"elementor-widget-container\">\n\t\t\t\t\t<h4 class=\"elementor-heading-title elementor-size-default\">Viljamovka 2<\/h4>\t\t\t\t<\/div>\n\t\t\t\t<\/div>\n\t\t\t\t\t<\/div>\n\t\t\t\t<\/div>\n\t\t\t\t<\/a>\n\t\t<a class=\"elementor-element elementor-element-dc34a1b e-con-full e-flex e-con e-child\" data-id=\"dc34a1b\" data-element_type=\"container\" data-e-type=\"container\" data-settings=\"{&quot;background_background&quot;:&quot;classic&quot;}\" href=\"\/en\/vodenac-1\/\">\n\t\t\t\t<div class=\"elementor-element elementor-element-8d66f46 elementor-widget elementor-widget-image\" data-id=\"8d66f46\" data-element_type=\"widget\" data-e-type=\"widget\" data-widget_type=\"image.default\">\n\t\t\t\t<div class=\"elementor-widget-container\">\n\t\t\t\t\t\t\t\t\t\t\t\t\t\t\t<img loading=\"lazy\" decoding=\"async\" width=\"768\" height=\"484\" src=\"https:\/\/brana.redizajn.ba\/wp-content\/uploads\/2024\/04\/vodenac-768x484.png\" class=\"attachment-medium_large size-medium_large wp-image-1487\" alt=\"\" srcset=\"https:\/\/brana.redizajn.ba\/wp-content\/uploads\/2024\/04\/vodenac-768x484.png 768w, https:\/\/brana.redizajn.ba\/wp-content\/uploads\/2024\/04\/vodenac-300x189.png 300w, https:\/\/brana.redizajn.ba\/wp-content\/uploads\/2024\/04\/vodenac-18x12.png 18w, https:\/\/brana.redizajn.ba\/wp-content\/uploads\/2024\/04\/vodenac.png 1000w\" sizes=\"(max-width: 768px) 100vw, 768px\" \/>\t\t\t\t\t\t\t\t\t\t\t\t\t\t\t<\/div>\n\t\t\t\t<\/div>\n\t\t<div class=\"elementor-element elementor-element-2f8e273 e-flex e-con-boxed e-con e-child\" data-id=\"2f8e273\" data-element_type=\"container\" data-e-type=\"container\" data-settings=\"{&quot;background_background&quot;:&quot;classic&quot;}\">\n\t\t\t\t\t<div class=\"e-con-inner\">\n\t\t\t\t<div class=\"elementor-element elementor-element-fa48754 elementor-widget elementor-widget-heading\" data-id=\"fa48754\" data-element_type=\"widget\" data-e-type=\"widget\" data-widget_type=\"heading.default\">\n\t\t\t\t<div class=\"elementor-widget-container\">\n\t\t\t\t\t<h4 class=\"elementor-heading-title elementor-size-default\">Vodenac 1<\/h4>\t\t\t\t<\/div>\n\t\t\t\t<\/div>\n\t\t\t\t\t<\/div>\n\t\t\t\t<\/div>\n\t\t\t\t<\/a>\n\t\t<a class=\"elementor-element elementor-element-48e9356 e-con-full e-flex e-con e-child\" data-id=\"48e9356\" data-element_type=\"container\" data-e-type=\"container\" data-settings=\"{&quot;background_background&quot;:&quot;classic&quot;}\" href=\"\/en\/vodenac-2\/\">\n\t\t\t\t<div class=\"elementor-element elementor-element-384cf9e elementor-widget elementor-widget-image\" data-id=\"384cf9e\" data-element_type=\"widget\" data-e-type=\"widget\" data-widget_type=\"image.default\">\n\t\t\t\t<div class=\"elementor-widget-container\">\n\t\t\t\t\t\t\t\t\t\t\t\t\t\t\t<img loading=\"lazy\" decoding=\"async\" width=\"768\" height=\"484\" src=\"https:\/\/brana.redizajn.ba\/wp-content\/uploads\/2024\/04\/vodenac-768x484.png\" class=\"attachment-medium_large size-medium_large wp-image-1487\" alt=\"\" srcset=\"https:\/\/brana.redizajn.ba\/wp-content\/uploads\/2024\/04\/vodenac-768x484.png 768w, https:\/\/brana.redizajn.ba\/wp-content\/uploads\/2024\/04\/vodenac-300x189.png 300w, https:\/\/brana.redizajn.ba\/wp-content\/uploads\/2024\/04\/vodenac-18x12.png 18w, https:\/\/brana.redizajn.ba\/wp-content\/uploads\/2024\/04\/vodenac.png 1000w\" sizes=\"(max-width: 768px) 100vw, 768px\" \/>\t\t\t\t\t\t\t\t\t\t\t\t\t\t\t<\/div>\n\t\t\t\t<\/div>\n\t\t<div class=\"elementor-element elementor-element-e8f719e e-flex e-con-boxed e-con e-child\" data-id=\"e8f719e\" data-element_type=\"container\" data-e-type=\"container\" data-settings=\"{&quot;background_background&quot;:&quot;classic&quot;}\">\n\t\t\t\t\t<div class=\"e-con-inner\">\n\t\t\t\t<div class=\"elementor-element elementor-element-7d86026 elementor-widget elementor-widget-heading\" data-id=\"7d86026\" data-element_type=\"widget\" data-e-type=\"widget\" data-widget_type=\"heading.default\">\n\t\t\t\t<div class=\"elementor-widget-container\">\n\t\t\t\t\t<h4 class=\"elementor-heading-title elementor-size-default\">Vodenac 2<\/h4>\t\t\t\t<\/div>\n\t\t\t\t<\/div>\n\t\t\t\t\t<\/div>\n\t\t\t\t<\/div>\n\t\t\t\t<\/a>\n\t\t<a class=\"elementor-element elementor-element-df7c702 e-con-full e-flex e-con e-child\" data-id=\"df7c702\" data-element_type=\"container\" data-e-type=\"container\" data-settings=\"{&quot;background_background&quot;:&quot;classic&quot;}\" href=\"\/en\/lubenicarka-jecmenka\/\">\n\t\t\t\t<div class=\"elementor-element elementor-element-665cbf7 elementor-widget elementor-widget-image\" data-id=\"665cbf7\" data-element_type=\"widget\" data-e-type=\"widget\" data-widget_type=\"image.default\">\n\t\t\t\t<div class=\"elementor-widget-container\">\n\t\t\t\t\t\t\t\t\t\t\t\t\t\t\t<img loading=\"lazy\" decoding=\"async\" width=\"768\" height=\"484\" src=\"https:\/\/brana.redizajn.ba\/wp-content\/uploads\/2024\/04\/lubenicarka-jecmenka-768x484.png\" class=\"attachment-medium_large size-medium_large wp-image-1478\" alt=\"\" srcset=\"https:\/\/brana.redizajn.ba\/wp-content\/uploads\/2024\/04\/lubenicarka-jecmenka-768x484.png 768w, https:\/\/brana.redizajn.ba\/wp-content\/uploads\/2024\/04\/lubenicarka-jecmenka-300x189.png 300w, https:\/\/brana.redizajn.ba\/wp-content\/uploads\/2024\/04\/lubenicarka-jecmenka-18x12.png 18w, https:\/\/brana.redizajn.ba\/wp-content\/uploads\/2024\/04\/lubenicarka-jecmenka.png 1000w\" sizes=\"(max-width: 768px) 100vw, 768px\" \/>\t\t\t\t\t\t\t\t\t\t\t\t\t\t\t<\/div>\n\t\t\t\t<\/div>\n\t\t<div class=\"elementor-element elementor-element-74841f2 e-flex e-con-boxed e-con e-child\" data-id=\"74841f2\" data-element_type=\"container\" data-e-type=\"container\" data-settings=\"{&quot;background_background&quot;:&quot;classic&quot;}\">\n\t\t\t\t\t<div class=\"e-con-inner\">\n\t\t\t\t<div class=\"elementor-element elementor-element-883db72 elementor-widget elementor-widget-heading\" data-id=\"883db72\" data-element_type=\"widget\" data-e-type=\"widget\" data-widget_type=\"heading.default\">\n\t\t\t\t<div class=\"elementor-widget-container\">\n\t\t\t\t\t<h4 class=\"elementor-heading-title elementor-size-default\">Lubeni\u010darka i Je\u010dmenka<\/h4>\t\t\t\t<\/div>\n\t\t\t\t<\/div>\n\t\t\t\t\t<\/div>\n\t\t\t\t<\/div>\n\t\t\t\t<\/a>\n\t\t\t\t\t<\/div>\n\t\t\t\t<\/div>\n\t\t<div class=\"elementor-element elementor-element-a084192 e-flex e-con-boxed e-con e-parent\" data-id=\"a084192\" data-element_type=\"container\" data-e-type=\"container\">\n\t\t\t\t\t<div class=\"e-con-inner\">\n\t\t\t\t<div class=\"elementor-element elementor-element-fa01e5c elementor-widget elementor-widget-heading\" data-id=\"fa01e5c\" data-element_type=\"widget\" data-e-type=\"widget\" data-widget_type=\"heading.default\">\n\t\t\t\t<div class=\"elementor-widget-container\">\n\t\t\t\t\t<h2 class=\"elementor-heading-title elementor-size-default\">Price List (RSD)<\/h2>\t\t\t\t<\/div>\n\t\t\t\t<\/div>\n\t\t\t\t<div class=\"elementor-element elementor-element-69b6d0c elementor-widget elementor-widget-shortcode\" data-id=\"69b6d0c\" data-element_type=\"widget\" data-e-type=\"widget\" data-widget_type=\"shortcode.default\">\n\t\t\t\t<div class=\"elementor-widget-container\">\n\t\t\t\t\t\t\t<div class=\"elementor-shortcode\">\n<table id=\"tablepress-1\" class=\"tablepress tablepress-id-1\">\n<tbody class=\"row-striping row-hover\">\n<tr class=\"row-1\">\n\t<td class=\"column-1\"><\/td><td class=\"column-2\">WEEKDAY<\/td><td class=\"column-3\">WEEKEND<\/td>\n<\/tr>\n<tr class=\"row-2\">\n\t<td class=\"column-1\">Je\u010dmenka<\/td><td class=\"column-2\">9.400<\/td><td class=\"column-3\">10.580<\/td>\n<\/tr>\n<tr class=\"row-3\">\n\t<td class=\"column-1\">Lubeni\u010darka<\/td><td class=\"column-2\">9.400<\/td><td class=\"column-3\">10.580<\/td>\n<\/tr>\n<tr class=\"row-4\">\n\t<td class=\"column-1\">VIljamovka 1<\/td><td class=\"column-2\">14.100<\/td><td class=\"column-3\">15.860<\/td>\n<\/tr>\n<tr class=\"row-5\">\n\t<td class=\"column-1\">VIljamovka 2<\/td><td class=\"column-2\">14.100<\/td><td class=\"column-3\">15.860<\/td>\n<\/tr>\n<tr class=\"row-6\">\n\t<td class=\"column-1\">Lepotica<\/td><td class=\"column-2\">14.100<\/td><td class=\"column-3\">15.860<\/td>\n<\/tr>\n<tr class=\"row-7\">\n\t<td class=\"column-1\">Vodenac 1<\/td><td class=\"column-2\">14.100<\/td><td class=\"column-3\">15.860<\/td>\n<\/tr>\n<tr class=\"row-8\">\n\t<td class=\"column-1\">Vodenac 2<\/td><td class=\"column-2\">14.100<\/td><td class=\"column-3\">15.860<\/td>\n<\/tr>\n<tr class=\"row-9\">\n\t<td class=\"column-1\">Karamanka 1<\/td><td class=\"column-2\">18.210<\/td><td class=\"column-3\">20.560<\/td>\n<\/tr>\n<tr class=\"row-10\">\n\t<td class=\"column-1\">Karamanka 2<\/td><td class=\"column-2\">18.210<\/td><td class=\"column-3\">20.560<\/td>\n<\/tr>\n<tr class=\"row-11\">\n\t<td class=\"column-1\">Taku\u0161a<\/td><td class=\"column-2\">35.840<\/td><td class=\"column-3\">41.710<\/td>\n<\/tr>\n<tr class=\"row-12\">\n\t<td class=\"column-1\">Breakfast \u2013 700 RSD, Lunch \u2013 1,400 RSD, Dinner \u2013 930 RSD<\/td><td class=\"column-2\"><\/td><td class=\"column-3\"><\/td>\n<\/tr>\n<tr class=\"row-13\">\n\t<td class=\"column-1\">\u00c0 la carte lunch + daily pool use \u2013 3,000 RSD (per person)<\/td><td class=\"column-2\"><\/td><td class=\"column-3\"><\/td>\n<\/tr>\n<tr class=\"row-14\">\n\t<td class=\"column-1\">Payment methods: cash, credit card, bank transfer<\/td><td class=\"column-2\"><\/td><td class=\"column-3\"><\/td>\n<\/tr>\n<tr class=\"row-15\">\n\t<td class=\"column-1\">Note: All payments are made exclusively in dinars (RSD).<\/td><td class=\"column-2\"><\/td><td class=\"column-3\"><\/td>\n<\/tr>\n<\/tbody>\n<\/table>\n<!-- #tablepress-1 from cache --><\/div>\n\t\t\t\t\t\t<\/div>\n\t\t\t\t<\/div>\n\t\t\t\t\t<\/div>\n\t\t\t\t<\/div>\n\t\t\t\t<\/div>","protected":false},"excerpt":{"rendered":"<p>Sme\u0161taj Karamanka 1 Karamanka 2 Lepotica Taku\u0161a Viljamovka 1 Viljamovka 2 Vodenac 1 Vodenac 2 Lubeni\u010darka i Je\u010dmenka Cenovnik (RSD)<\/p>","protected":false},"author":1,"featured_media":0,"parent":0,"menu_order":0,"comment_status":"closed","ping_status":"closed","template":"","meta":{"footnotes":""},"class_list":["post-1433","page","type-page","status-publish","hentry"],"blocksy_meta":[],"_links":{"self":[{"href":"https:\/\/brana.redizajn.ba\/en\/wp-json\/wp\/v2\/pages\/1433","targetHints":{"allow":["GET"]}}],"collection":[{"href":"https:\/\/brana.redizajn.ba\/en\/wp-json\/wp\/v2\/pages"}],"about":[{"href":"https:\/\/brana.redizajn.ba\/en\/wp-json\/wp\/v2\/types\/page"}],"author":[{"embeddable":true,"href":"https:\/\/brana.redizajn.ba\/en\/wp-json\/wp\/v2\/users\/1"}],"replies":[{"embeddable":true,"href":"https:\/\/brana.redizajn.ba\/en\/wp-json\/wp\/v2\/comments?post=1433"}],"version-history":[{"count":9,"href":"https:\/\/brana.redizajn.ba\/en\/wp-json\/wp\/v2\/pages\/1433\/revisions"}],"predecessor-version":[{"id":3773,"href":"https:\/\/brana.redizajn.ba\/en\/wp-json\/wp\/v2\/pages\/1433\/revisions\/3773"}],"wp:attachment":[{"href":"https:\/\/brana.redizajn.ba\/en\/wp-json\/wp\/v2\/media?parent=1433"}],"curies":[{"name":"wp","href":"https:\/\/api.w.org\/{rel}","templated":true}]}}