{"id":778,"date":"2022-06-23T15:02:32","date_gmt":"2022-06-23T15:02:32","guid":{"rendered":"https:\/\/demo.creativethemes.com\/elementor\/yogi\/?page_id=778"},"modified":"2024-07-22T02:31:33","modified_gmt":"2024-07-22T00:31:33","slug":"brana","status":"publish","type":"page","link":"https:\/\/brana.redizajn.ba\/en\/brana\/","title":{"rendered":"About Brana"},"content":{"rendered":"<div data-elementor-type=\"wp-page\" data-elementor-id=\"778\" class=\"elementor elementor-778\">\n\t\t\t\t<div class=\"elementor-element elementor-element-b94bb3e e-flex e-con-boxed e-con e-parent\" data-id=\"b94bb3e\" data-element_type=\"container\" data-e-type=\"container\">\n\t\t\t\t\t<div class=\"e-con-inner\">\n\t\t<div class=\"elementor-element elementor-element-8d33951 e-con-full e-flex e-con e-child\" data-id=\"8d33951\" data-element_type=\"container\" data-e-type=\"container\">\n\t\t\t\t<div class=\"elementor-element elementor-element-fc6d7a2 elementor-widget elementor-widget-heading\" data-id=\"fc6d7a2\" data-element_type=\"widget\" data-e-type=\"widget\" data-widget_type=\"heading.default\">\n\t\t\t\t<div class=\"elementor-widget-container\">\n\t\t\t\t\t<h2 class=\"elementor-heading-title elementor-size-default\">About Brana<\/h2>\t\t\t\t<\/div>\n\t\t\t\t<\/div>\n\t\t\t\t<\/div>\n\t\t<div class=\"elementor-element elementor-element-03f94f9 e-con-full e-flex e-con e-child\" data-id=\"03f94f9\" data-element_type=\"container\" data-e-type=\"container\">\n\t\t\t\t<div class=\"elementor-element elementor-element-d8a0be4 elementor-widget elementor-widget-text-editor\" data-id=\"d8a0be4\" data-element_type=\"widget\" data-e-type=\"widget\" data-widget_type=\"text-editor.default\">\n\t\t\t\t<div class=\"elementor-widget-container\">\n\t\t\t\t\t\t\t\t\t<p>The symbolism of Brana is multifaceted. Above all, Brana represents a journey through generations of our family, from grandfather Brana to his great-granddaughter Brana.<\/p><p>Brana also has the mission to defend everything that is essentially important: family, friends, togetherness, life in nature, and harmony with nature.<\/p><p>And finally, our hamlet is reflected in two small ponds, each held by a dam.<\/p><p>Wooden forest cabins, earth houses, stilt houses, fresh air, and a clear lake shimmering with the bluish-green reflections of the forests and orchards<span class=\"Apple-converted-space\">\u00a0 <\/span>that surround it bring back memories of bygone times, awaken the authentic spirit of Serbia, and give charm to the BRANA ECO VILLAGE, cared for by diligent hosts full of love for their homeland.<\/p>\t\t\t\t\t\t\t\t<\/div>\n\t\t\t\t<\/div>\n\t\t\t\t<\/div>\n\t\t\t\t\t<\/div>\n\t\t\t\t<\/div>\n\t\t<div class=\"elementor-element elementor-element-b01b2de e-flex e-con-boxed e-con e-parent\" data-id=\"b01b2de\" data-element_type=\"container\" data-e-type=\"container\" data-settings=\"{&quot;background_background&quot;:&quot;classic&quot;}\">\n\t\t\t\t\t<div class=\"e-con-inner\">\n\t\t\t\t<div class=\"elementor-element elementor-element-6da30d9 elementor-widget-divider--view-line elementor-widget elementor-widget-divider\" data-id=\"6da30d9\" data-element_type=\"widget\" data-e-type=\"widget\" data-widget_type=\"divider.default\">\n\t\t\t\t<div class=\"elementor-widget-container\">\n\t\t\t\t\t\t\t<div class=\"elementor-divider\">\n\t\t\t<span class=\"elementor-divider-separator\">\n\t\t\t\t\t\t<\/span>\n\t\t<\/div>\n\t\t\t\t\t\t<\/div>\n\t\t\t\t<\/div>\n\t\t\t\t\t<\/div>\n\t\t\t\t<\/div>\n\t\t<div class=\"elementor-element elementor-element-88a3537 e-flex e-con-boxed e-con e-parent\" data-id=\"88a3537\" data-element_type=\"container\" data-e-type=\"container\">\n\t\t\t\t\t<div class=\"e-con-inner\">\n\t\t<div class=\"elementor-element elementor-element-6d3eb0c e-con-full e-flex e-con e-child\" data-id=\"6d3eb0c\" data-element_type=\"container\" data-e-type=\"container\">\n\t\t\t\t<div class=\"elementor-element elementor-element-2fb16a8 elementor-widget elementor-widget-heading\" data-id=\"2fb16a8\" data-element_type=\"widget\" data-e-type=\"widget\" data-widget_type=\"heading.default\">\n\t\t\t\t<div class=\"elementor-widget-container\">\n\t\t\t\t\t<h2 class=\"elementor-heading-title elementor-size-default\">Eco Village<\/h2>\t\t\t\t<\/div>\n\t\t\t\t<\/div>\n\t\t\t\t<\/div>\n\t\t<div class=\"elementor-element elementor-element-2bf3075 e-con-full e-flex e-con e-child\" data-id=\"2bf3075\" data-element_type=\"container\" data-e-type=\"container\">\n\t\t\t\t<div class=\"elementor-element elementor-element-e55a113 elementor-widget elementor-widget-text-editor\" data-id=\"e55a113\" data-element_type=\"widget\" data-e-type=\"widget\" data-widget_type=\"text-editor.default\">\n\t\t\t\t<div class=\"elementor-widget-container\">\n\t\t\t\t\t\t\t\t\t<h4>Step into our little eco paradise\u2026<\/h4><p>Welcome to the heart of untouched nature, where harmony and sustainability are a way of life. Discover a unique eco village, designed to provide the perfect getaway with a minimal ecological footprint. Our village is the ideal place for all who wish to spend their free time in complete synergy with nature.<\/p><h4>Natural materials for an authentic experience<\/h4><p>Every building in our village is constructed from high-quality natural materials. Wood and stone, carefully selected and crafted, not only ensure durability and comfort but also blend perfectly into the natural landscape, preserving the authenticity and rustic charm of our village. These materials not only contribute to the aesthetics but are also essential for the sustainability of our eco project.<\/p><h4>Solar Energy and Energy Efficiency<\/h4><p>Our commitment to sustainability is also reflected in the way the buildings are oriented and positioned. With strategic alignment towards the sun, each building maximizes the use of solar energy, significantly reducing the need for artificial heating and lighting. This not only lowers our energy demands but also allows you to enjoy a pleasant atmosphere throughout the day, regardless of the season.<\/p><h4>Innovative Reuse and Composting<\/h4><p>In our village, we place great emphasis on reducing waste through innovative reuse of materials. At the children\u2019s playground, we have used old stoves, tree stumps, and beams, transforming them into creative and functional elements. All food leftovers are composted and used as fertilizer for our organic garden, while all the food we serve comes from the organic production of local households.<\/p><h4>Eco-Friendly Attractions<\/h4><p>Our bio pool is not just a place for swimming \u2014 it is an ecosystem that promotes health, sustainability, and love for nature. The water is purified naturally through bio-filters and carefully selected aquatic plants. These plants play a key role in maintaining water cleanliness, as they not only filter impurities but also help sustain a healthy ecosystem within the pool. Bio pools offer users a healthier and more aesthetically pleasing swimming experience without chemicals, while at the same time supporting biodiversity and reducing the ecological footprint through natural filtration methods.<\/p><p>Guests can also enjoy fish specialties from the natural farming of our lake, which are not only delicious but also of verified quality.<\/p><h4>Sustainable Transport and Future Innovations<\/h4><p>For guests who prefer electric vehicles, chargers are available, making sustainability easier even while traveling. We also plan to install solar panels, which will further enhance our energy efficiency and self-sufficiency.<\/p><h6><strong>Experience an eco paradise that preserves nature\u2026 We invite you to embrace not only the peace and tranquility of our eco village but also to become part of a community that actively contributes to protecting our planet. Book your stay and be among those who choose an environmentally conscious holiday.<\/strong><\/h6>\t\t\t\t\t\t\t\t<\/div>\n\t\t\t\t<\/div>\n\t\t\t\t<\/div>\n\t\t\t\t\t<\/div>\n\t\t\t\t<\/div>\n\t\t<div class=\"elementor-element elementor-element-485ef23 e-flex e-con-boxed e-con e-parent\" data-id=\"485ef23\" data-element_type=\"container\" data-e-type=\"container\" data-settings=\"{&quot;background_background&quot;:&quot;classic&quot;}\">\n\t\t\t\t\t<div class=\"e-con-inner\">\n\t\t\t\t<div class=\"elementor-element elementor-element-52bcd10 elementor-widget-divider--view-line elementor-widget elementor-widget-divider\" data-id=\"52bcd10\" data-element_type=\"widget\" data-e-type=\"widget\" data-widget_type=\"divider.default\">\n\t\t\t\t<div class=\"elementor-widget-container\">\n\t\t\t\t\t\t\t<div class=\"elementor-divider\">\n\t\t\t<span class=\"elementor-divider-separator\">\n\t\t\t\t\t\t<\/span>\n\t\t<\/div>\n\t\t\t\t\t\t<\/div>\n\t\t\t\t<\/div>\n\t\t\t\t\t<\/div>\n\t\t\t\t<\/div>\n\t\t<div class=\"elementor-element elementor-element-76575c8 e-flex e-con-boxed e-con e-parent\" data-id=\"76575c8\" data-element_type=\"container\" data-e-type=\"container\">\n\t\t\t\t\t<div class=\"e-con-inner\">\n\t\t<div class=\"elementor-element elementor-element-cf442d3 e-con-full e-flex e-con e-child\" data-id=\"cf442d3\" data-element_type=\"container\" data-e-type=\"container\">\n\t\t\t\t<div class=\"elementor-element elementor-element-1fdde93 elementor-widget elementor-widget-heading\" data-id=\"1fdde93\" data-element_type=\"widget\" data-e-type=\"widget\" data-widget_type=\"heading.default\">\n\t\t\t\t<div class=\"elementor-widget-container\">\n\t\t\t\t\t<h2 class=\"elementor-heading-title elementor-size-default\">Velika Kru\u0161evica and Leva\u010d<\/h2>\t\t\t\t<\/div>\n\t\t\t\t<\/div>\n\t\t\t\t<\/div>\n\t\t<div class=\"elementor-element elementor-element-ae6b19e e-con-full e-flex e-con e-child\" data-id=\"ae6b19e\" data-element_type=\"container\" data-e-type=\"container\">\n\t\t\t\t<div class=\"elementor-element elementor-element-1e485a1 elementor-widget elementor-widget-image\" data-id=\"1e485a1\" data-element_type=\"widget\" data-e-type=\"widget\" data-widget_type=\"image.default\">\n\t\t\t\t<div class=\"elementor-widget-container\">\n\t\t\t\t\t\t\t\t\t\t\t\t\t\t\t<img fetchpriority=\"high\" decoding=\"async\" width=\"768\" height=\"432\" src=\"https:\/\/brana.redizajn.ba\/wp-content\/uploads\/2024\/05\/Levac-768x432.jpg\" class=\"attachment-medium_large size-medium_large wp-image-2760\" alt=\"\" srcset=\"https:\/\/brana.redizajn.ba\/wp-content\/uploads\/2024\/05\/Levac-768x432.jpg 768w, https:\/\/brana.redizajn.ba\/wp-content\/uploads\/2024\/05\/Levac-300x169.jpg 300w, https:\/\/brana.redizajn.ba\/wp-content\/uploads\/2024\/05\/Levac-18x10.jpg 18w, https:\/\/brana.redizajn.ba\/wp-content\/uploads\/2024\/05\/Levac.jpg 910w\" sizes=\"(max-width: 768px) 100vw, 768px\" \/>\t\t\t\t\t\t\t\t\t\t\t\t\t\t\t<\/div>\n\t\t\t\t<\/div>\n\t\t\t\t<div class=\"elementor-element elementor-element-567325a elementor-widget elementor-widget-text-editor\" data-id=\"567325a\" data-element_type=\"widget\" data-e-type=\"widget\" data-widget_type=\"text-editor.default\">\n\t\t\t\t<div class=\"elementor-widget-container\">\n\t\t\t\t\t\t\t\t\t<p>In the very heart of our Serbia lies \u0160umadija, described in songs and stories, a land that has witnessed some of the most significant historical moments and served as inspiring ground for many great minds.<\/p><p>Awaken the curious explorer within you to capture the most beautiful photos of untouched nature, conquer the peaks of \u0160umadija, and enjoy the aromas of fine wines, rakija, and traditional homemade cuisine.<\/p><p>At the crossroads of roads that have wound through \u0160umadija for centuries, nestled on the slopes of the Gledi\u0107 mountains and Juhor, lies Leva\u010d \u2014 a land of rich culture, natural beauty, and authentic tradition. Traveling through this gentle region, you will discover fascinating people, stories, and landscapes. You will encounter monasteries, a river gorge where you can still drink the water, healing springs, and the Leva\u010d vineyards \u2014 among the oldest in Serbia.<\/p><p>At every step, you will encounter history \u2014 this is where medieval Serbia was born, a land with heart and soul.<\/p><p>The villages of Leva\u010d are slowly and shyly opening up, enchanting all the senses with their colors and scents.<\/p><p>You will experience the way of life of village residents if you enter their homes as dear and welcome guests. This is the best way to truly feel the sincere hospitality of the hosts of Leva\u010d.<\/p><p>The villages of Leva\u010d are slowly and timidly opening up, enchanting all the senses with their colors and scents.<\/p><p>The atmosphere of the village of Velika Kru\u0161evica offers beautiful nature, fresh air, and good food as a balm for the soul of modern man. The settlement, which developed on the valley slopes above two streams with a wavy appearance, also inspired the visionary Milo\u0161 Obrenovi\u0107, who instructed the locals to plant pear trees. Thus, according to legend, the village got its name from the great pear orchard.<\/p>\t\t\t\t\t\t\t\t<\/div>\n\t\t\t\t<\/div>\n\t\t\t\t<\/div>\n\t\t\t\t\t<\/div>\n\t\t\t\t<\/div>\n\t\t\t\t<\/div>","protected":false},"excerpt":{"rendered":"<p>O Brani Na\u0161a simbolika Brane je mnogostruka. Pre svega Brana predstavlja putovanje kroz generacije na\u0161e porodice od deda Brane do njegove praunuke Brane. Brana tako\u0111e ima zadatak da odBrani sve ono sto je su\u0161tinski va\u017eno, a to su porodica, prijatelji, dru\u017eenja, \u017eivot u prirodi i sa prirodom. I na kraju na\u0161 zaseok se ogleda u [&hellip;]<\/p>\n","protected":false},"author":1,"featured_media":0,"parent":0,"menu_order":0,"comment_status":"closed","ping_status":"closed","template":"","meta":{"footnotes":""},"class_list":["post-778","page","type-page","status-publish","hentry"],"blocksy_meta":{"styles_descriptor":{"styles":{"desktop":"","tablet":"","mobile":""},"google_fonts":[],"version":6},"page_title_panel":"","has_hero_section":"default","f2b2f728e20563e80dda73b1b571b34e":"","hero_section":"type-1","hero_elements":[{"id":"custom_title","enabled":true,"heading_tag":"h1","title":"Home"},{"id":"custom_description","enabled":true,"description_visibility":{"desktop":true,"tablet":true,"mobile":false}},{"id":"custom_meta","enabled":false,"meta_elements":[{"id":"author","enabled":true,"label":"By","has_author_avatar":"yes","avatar_size":25},{"id":"post_date","enabled":true,"label":"On","date_format_source":"default","date_format":"M j, Y"},{"id":"updated_date","enabled":false,"label":"On","date_format_source":"default","date_format":"M j, Y"},{"id":"categories","enabled":false,"label":"In","style":"simple"},{"id":"comments","enabled":true}],"page_meta_elements":{"joined":true,"articles_count":true,"comments":true}},{"id":"breadcrumbs","enabled":false}],"38969d5c6a6a7514bf20bcbd10691f96":"","hero_alignment1":"CT_CSS_SKIP_RULE","hero_margin":40,"hero_alignment2":"center","hero_vertical_alignment":"center","b5bc57070a0da702fb329337db19f216":"","hero_structure":"narrow","43e97a584b2b335ce3fa07270aeac6d0":"","page_title_bg_type":"featured_image","custom_hero_background":{"attachment_id":null},"page_title_image_size":"full","parallax":{"desktop":false,"tablet":false,"mobile":false},"48123ee4a49243bd2e508e3e704ad5b5":"","hero_height":"250px","pageTitleFont":{"family":"Default","variation":"Default","size":"30px","line-height":"CT_CSS_SKIP_RULE","letter-spacing":"CT_CSS_SKIP_RULE","text-transform":"CT_CSS_SKIP_RULE","text-decoration":"CT_CSS_SKIP_RULE"},"pageTitleFontColor":{"default":{"color":"CT_CSS_SKIP_RULEDEFAULT"}},"pageMetaFont":{"family":"Default","variation":"n6","size":"12px","line-height":"1.3","letter-spacing":"CT_CSS_SKIP_RULE","text-transform":"uppercase","text-decoration":"CT_CSS_SKIP_RULE"},"pageMetaFontColor":{"default":{"color":"CT_CSS_SKIP_RULEDEFAULT"},"hover":{"color":"CT_CSS_SKIP_RULEDEFAULT"}},"page_meta_button_type_font_colors":{"default":{"color":"CT_CSS_SKIP_RULEDEFAULT"},"hover":{"color":"CT_CSS_SKIP_RULEDEFAULT"}},"page_meta_button_type_background_colors":{"default":{"color":"CT_CSS_SKIP_RULEDEFAULT"},"hover":{"color":"CT_CSS_SKIP_RULEDEFAULT"}},"pageExcerptFont":{"family":"Default","variation":"Default","size":"CT_CSS_SKIP_RULE","line-height":"CT_CSS_SKIP_RULE","letter-spacing":"CT_CSS_SKIP_RULE","text-transform":"CT_CSS_SKIP_RULE","text-decoration":"CT_CSS_SKIP_RULE"},"pageExcerptColor":{"default":{"color":"CT_CSS_SKIP_RULEDEFAULT"}},"breadcrumbsFont":{"family":"Default","variation":"Default","size":"CT_CSS_SKIP_RULE","line-height":"CT_CSS_SKIP_RULE","letter-spacing":"CT_CSS_SKIP_RULE","text-transform":"CT_CSS_SKIP_RULE","text-decoration":"CT_CSS_SKIP_RULE"},"breadcrumbsFontColor":{"default":{"color":"CT_CSS_SKIP_RULEDEFAULT"},"initial":{"color":"CT_CSS_SKIP_RULEDEFAULT"},"hover":{"color":"CT_CSS_SKIP_RULEDEFAULT"}},"pageTitleOverlay":{"background_type":"color","background_pattern":"type-1","background_image":{"attachment_id":null,"x":0,"y":0},"gradient":"linear-gradient(135deg,rgba(6,147,227,1) 0%,rgb(155,81,224) 100%)","background_repeat":"repeat","background_size":"auto","background_attachment":"scroll","patternColor":{"default":{"color":"#e5e7ea"}},"overlayColor":{"default":{"color":"CT_CSS_SKIP_RULE"}},"backgroundColor":{"default":{"color":"CT_CSS_SKIP_RULE"}}},"pageTitleBackground":{"background_type":"color","background_pattern":"type-1","background_image":{"attachment_id":null,"x":0,"y":0},"gradient":"linear-gradient(135deg,rgba(6,147,227,1) 0%,rgb(155,81,224) 100%)","background_repeat":"repeat","background_size":"auto","background_attachment":"scroll","patternColor":{"default":{"color":"#e5e7ea"}},"overlayColor":{"default":{"color":"CT_CSS_SKIP_RULE"}},"backgroundColor":{"default":{"color":"var(--theme-palette-color-6)"}}},"pageTitlePadding":{"top":"50px","bottom":"50px","left":"auto","right":"auto","linked":true},"b75c51551d1608df454e4c4394d32f3d":"","page_structure_type":"default","9f8efaf5e269e2a6d2ce78dd0153da20":"","content_style_source":"inherit","content_style":"wide","vertical_spacing_source":"custom","content_area_spacing":"none","background":{"background_type":"color","background_pattern":"type-1","background_image":{"attachment_id":null,"x":0,"y":0},"gradient":"linear-gradient(135deg,rgba(6,147,227,1) 0%,rgb(155,81,224) 100%)","background_repeat":"repeat","background_size":"auto","background_attachment":"scroll","patternColor":{"default":{"color":"#e5e7ea"}},"overlayColor":{"default":{"color":"CT_CSS_SKIP_RULE"}},"backgroundColor":{"default":{"color":"CT_CSS_SKIP_RULE"}}},"content_background":{"background_type":"color","background_pattern":"type-1","background_image":{"attachment_id":null,"x":0,"y":0},"gradient":"linear-gradient(135deg,rgba(6,147,227,1) 0%,rgb(155,81,224) 100%)","background_repeat":"repeat","background_size":"auto","background_attachment":"scroll","patternColor":{"default":{"color":"#e5e7ea"}},"overlayColor":{"default":{"color":"CT_CSS_SKIP_RULE"}},"backgroundColor":{"default":{"color":"var(--theme-palette-color-8)"}}},"content_boxed_shadow":{"inherit":false,"blur":18,"spread":-6,"v_offset":12,"h_offset":0,"inset":false,"enable":true,"color":{"color":"rgba(34, 56, 101, 0.04)"}},"content_boxed_border":{"width":1,"style":"none","color":{"color":"rgba(44,62,80,0.2)"}},"content_boxed_radius":{"top":"3px","bottom":"3px","left":"3px","right":"3px","linked":true},"boxed_content_spacing":{"desktop":{"top":"40px","bottom":"40px","left":"40px","right":"40px","linked":true},"tablet":{"top":"35px","bottom":"35px","left":"35px","right":"35px","linked":true},"mobile":{"top":"20px","bottom":"20px","left":"20px","right":"20px","linked":true}},"fdab9d36ffbf1328f59d110a4df7079d":"","disable_featured_image":"no","disable_share_box":"no","disable_header":"no","disable_footer":"no"},"_links":{"self":[{"href":"https:\/\/brana.redizajn.ba\/en\/wp-json\/wp\/v2\/pages\/778","targetHints":{"allow":["GET"]}}],"collection":[{"href":"https:\/\/brana.redizajn.ba\/en\/wp-json\/wp\/v2\/pages"}],"about":[{"href":"https:\/\/brana.redizajn.ba\/en\/wp-json\/wp\/v2\/types\/page"}],"author":[{"embeddable":true,"href":"https:\/\/brana.redizajn.ba\/en\/wp-json\/wp\/v2\/users\/1"}],"replies":[{"embeddable":true,"href":"https:\/\/brana.redizajn.ba\/en\/wp-json\/wp\/v2\/comments?post=778"}],"version-history":[{"count":0,"href":"https:\/\/brana.redizajn.ba\/en\/wp-json\/wp\/v2\/pages\/778\/revisions"}],"wp:attachment":[{"href":"https:\/\/brana.redizajn.ba\/en\/wp-json\/wp\/v2\/media?parent=778"}],"curies":[{"name":"wp","href":"https:\/\/api.w.org\/{rel}","templated":true}]}}